{"id":1281,"date":"2017-09-18T18:23:16","date_gmt":"2017-09-18T16:23:16","guid":{"rendered":"http:\/\/xn--les-archers-de-vina-nyb.fr\/?page_id=1281"},"modified":"2017-10-02T21:57:32","modified_gmt":"2017-10-02T19:57:32","slug":"le-tir-beursault","status":"publish","type":"page","link":"http:\/\/xn--les-archers-de-vina-nyb.fr\/?page_id=1281","title":{"rendered":"Le Tir Beursault"},"content":{"rendered":"<p style=\"text-align: center;\"><span style=\"color: #0000ff;\"><strong> LE TIR BEURSAULT<\/strong><\/span><\/p>\n<p style=\"text-align: left;\"><span style=\"color: #0000ff;\"> Cette forme de tir, traditionnelle en France, n\u00e9cessite des installations particuli\u00e8res. Elle se pratique sur un terrain appel\u00e9 \u00ab\u00a0Jeu d&rsquo;Arc\u00a0\u00bb ou \u00ab\u00a0Jardin d&rsquo;Arc\u00a0\u00bb o\u00f9 les buttes de tir se font face.<\/span><br \/>\n<span style=\"color: #0000ff;\"> Il s&rsquo;agit d&rsquo;un tir dont les origines remontent au 15\u00e8me si\u00e8cle et qui permettait aux \u00ab\u00a0Francs Archers\u00a0\u00bb, sorte de Garde Nationale, exempt\u00e9s d&rsquo;imp\u00f4ts, de s&rsquo;entra\u00eener tous les dimanches sur un champ de tir r\u00e9serv\u00e9 \u00e0 cet effet, en tirant, alternativement, une fl\u00e8che sur les deux buttes, \u00e0 une distance de 50 m\u00e8tres, les deux buttes \u00e9tant espac\u00e9es d&rsquo;environ 52 m\u00e8tres. La butte d&rsquo;o\u00f9 est tir\u00e9e la premi\u00e8re fl\u00e8che est appel\u00e9e \u00ab\u00a0butte ma\u00eetresse\u00a0\u00bb, la butte sur laquelle commence le tir s&rsquo;appelle la \u00ab\u00a0butte d&rsquo;attaque\u00a0\u00bb.<\/span><br \/>\n<span style=\"color: #0000ff;\"> L&rsquo;all\u00e9e centrale est appel\u00e9e \u00ab\u00a0All\u00e9e du Roy\u00a0\u00bb.<\/span><br \/>\n<span style=\"color: #0000ff;\"> Cette comp\u00e9tition concerne les Arcs Classiques, les Arcs \u00e0 Poulies et les Arcs Droits (long bow) pour toutes les cat\u00e9gories qui apparaissent dans le tableau officiel des qualifications.<\/span><\/p>\n<p><span style=\"color: #0000ff;\">La cible appel\u00e9e \u00ab\u00a0carte\u00a0\u00bb est circulaire, noire et blanche et a un diam\u00e8tre int\u00e9rieur de 45 centim\u00e8tres. Dans cette discipline tous les cordons sont d\u00e9favorables contrairement aux tirs sur cibles anglaises (cibles de couleur), campagne ou nature, sauf pour le Noir, au centre.<\/span><\/p>\n<p style=\"text-align: center;\"><span style=\"color: #0000ff;\"><a href=\"http:\/\/xn--les-archers-de-vina-nyb.fr\/wp-content\/uploads\/2017\/09\/carte-beursault.jpg\"><img loading=\"lazy\" class=\"alignnone wp-image-1378\" src=\"http:\/\/xn--les-archers-de-vina-nyb.fr\/wp-content\/uploads\/2017\/09\/carte-beursault.jpg\" alt=\"\" width=\"276\" height=\"181\" srcset=\"http:\/\/xn--les-archers-de-vina-nyb.fr\/wp-content\/uploads\/2017\/09\/carte-beursault.jpg 1350w, http:\/\/xn--les-archers-de-vina-nyb.fr\/wp-content\/uploads\/2017\/09\/carte-beursault-300x196.jpg 300w, http:\/\/xn--les-archers-de-vina-nyb.fr\/wp-content\/uploads\/2017\/09\/carte-beursault-768x503.jpg 768w, http:\/\/xn--les-archers-de-vina-nyb.fr\/wp-content\/uploads\/2017\/09\/carte-beursault-1024x671.jpg 1024w\" sizes=\"(max-width: 276px) 100vw, 276px\" \/>\u00a0<\/a><\/span><span style=\"color: #0000ff;\"><em>(Cliquez sur l&rsquo;image pour agrandir)<\/em><\/span><\/p>\n<p><span style=\"color: #0000ff;\">Le centre de la carte se trouve \u00e0 1 m\u00e8tre du sol, le concours se fait en 20 (vingt) haltes (une halte correspond \u00e0 un aller\/retour soit une fl\u00e8che tir\u00e9e sur la butte d&rsquo;attaque en aller, une fl\u00e8che sur la butte ma\u00eetresse en retour). Le classement se fait au nombre d&rsquo;honneur, un honneur \u00e9tant une fl\u00e8che marquant au moins 1 point.<\/span><a href=\"http:\/\/les-archers-de-vin\u00e7a.fr\/?page_id=390\"><img loading=\"lazy\" class=\"alignright wp-image-403\" src=\"http:\/\/xn--les-archers-de-vina-nyb.fr\/wp-content\/uploads\/2017\/08\/retour-300x260.png\" alt=\"\" width=\"61\" height=\"53\" srcset=\"http:\/\/xn--les-archers-de-vina-nyb.fr\/wp-content\/uploads\/2017\/08\/retour-300x260.png 300w, http:\/\/xn--les-archers-de-vina-nyb.fr\/wp-content\/uploads\/2017\/08\/retour.png 358w\" sizes=\"(max-width: 61px) 100vw, 61px\" \/><\/a><\/p>\n","protected":false},"excerpt":{"rendered":"<p>LE TIR BEURSAULT Cette forme de tir, traditionnelle en France, n\u00e9cessite des installations particuli\u00e8res. Elle se pratique sur un terrain appel\u00e9 \u00ab\u00a0Jeu d&rsquo;Arc\u00a0\u00bb ou \u00ab\u00a0Jardin d&rsquo;Arc\u00a0\u00bb o\u00f9 les buttes de tir se font face. Il s&rsquo;agit d&rsquo;un tir dont les origines remontent au 15\u00e8me si\u00e8cle et qui permettait aux \u00ab\u00a0Francs Archers\u00a0\u00bb, sorte de Garde Nationale, &hellip; <a href=\"http:\/\/xn--les-archers-de-vina-nyb.fr\/?page_id=1281\" class=\"more-link\">Continuer la lecture de <span class=\"screen-reader-text\">Le Tir Beursault<\/span> <span class=\"meta-nav\">&rarr;<\/span><\/a><\/p>\n","protected":false},"author":1,"featured_media":0,"parent":390,"menu_order":4,"comment_status":"closed","ping_status":"closed","template":"","meta":[],"_links":{"self":[{"href":"http:\/\/xn--les-archers-de-vina-nyb.fr\/index.php?rest_route=\/wp\/v2\/pages\/1281"}],"collection":[{"href":"http:\/\/xn--les-archers-de-vina-nyb.fr\/index.php?rest_route=\/wp\/v2\/pages"}],"about":[{"href":"http:\/\/xn--les-archers-de-vina-nyb.fr\/index.php?rest_route=\/wp\/v2\/types\/page"}],"author":[{"embeddable":true,"href":"http:\/\/xn--les-archers-de-vina-nyb.fr\/index.php?rest_route=\/wp\/v2\/users\/1"}],"replies":[{"embeddable":true,"href":"http:\/\/xn--les-archers-de-vina-nyb.fr\/index.php?rest_route=%2Fwp%2Fv2%2Fcomments&post=1281"}],"version-history":[{"count":18,"href":"http:\/\/xn--les-archers-de-vina-nyb.fr\/index.php?rest_route=\/wp\/v2\/pages\/1281\/revisions"}],"predecessor-version":[{"id":2002,"href":"http:\/\/xn--les-archers-de-vina-nyb.fr\/index.php?rest_route=\/wp\/v2\/pages\/1281\/revisions\/2002"}],"up":[{"embeddable":true,"href":"http:\/\/xn--les-archers-de-vina-nyb.fr\/index.php?rest_route=\/wp\/v2\/pages\/390"}],"wp:attachment":[{"href":"http:\/\/xn--les-archers-de-vina-nyb.fr\/index.php?rest_route=%2Fwp%2Fv2%2Fmedia&parent=1281"}],"curies":[{"name":"wp","href":"https:\/\/api.w.org\/{rel}","templated":true}]}}