{"id":136,"date":"2017-08-27T18:51:57","date_gmt":"2017-08-27T16:51:57","guid":{"rendered":"http:\/\/xn--les-archers-de-vina-nyb.fr\/?page_id=136"},"modified":"2020-10-20T15:23:36","modified_gmt":"2020-10-20T13:23:36","slug":"horaires","status":"publish","type":"page","link":"http:\/\/xn--les-archers-de-vina-nyb.fr\/?page_id=136","title":{"rendered":"Horaires"},"content":{"rendered":"<p><img loading=\"lazy\" class=\"aligncenter\" src=\"http:\/\/www.icone-gif.com\/gif\/maisons\/horloges\/maison_horloge04.gif\" width=\"160\" height=\"160\"><\/p>\n<table summary=\"tableau de donn\u00e9es 4 lignes, 2 colonnes\">\n<tbody>\n<tr>\n<th style=\"text-align: center; background-color: #fdface; border: 5px #3753A2 groove;\" colspan=\"2\"><strong><span style=\"font-size: 180%; text-shadow: 2px 2px 4px black;\">Horaires 2020 &#8211; 2021<\/span><\/strong><\/th>\n<\/tr>\n<tr>\n<td style=\"text-align: center; background-color: #fdface; border: 5px #3753A2 groove;\" rowspan=\"2\"><span style=\"color: #0000ff; font-size: 140%;\"><strong>&nbsp;Mercredi<\/strong><\/span><\/td>\n<td style=\"text-align: left; background-color: #fdface; border: 5px #3753A2 groove;\"><strong><span style=\"color: #0000ff; font-size: 130%;\">&nbsp; 14h00 \u00e0 17h30 : initiation jeunes et adultes.<\/span><\/strong><\/td>\n<\/tr>\n<tr>\n<td style=\"text-align: left; background-color: #fdface; border: 5px #3753A2 groove;\"><strong><span style=\"color: #0000ff; font-size: 130%;\">&nbsp; 20h00 \u00e0 &#8230; : entra\u00eenement adultes.<\/span><\/strong><\/td>\n<\/tr>\n<tr>\n<td style=\"text-align: center; background-color: #fdface; border: 5px #3753A2 groove;\"><span style=\"color: #0000ff; font-size: 140%;\"><strong>&nbsp;Vendredi<\/strong><\/span><\/td>\n<td style=\"text-align: left; background-color: #fdface; border: 5px #3753A2 groove;\"><strong><span style=\"color: #0000ff; font-size: 130%;\">&nbsp; 19h00 \u00e0 &#8230; : entra\u00eenement adultes et initiation adultes.<\/span><\/strong><\/td>\n<\/tr>\n<\/tbody>\n<\/table>\n","protected":false},"excerpt":{"rendered":"<p>Horaires 2020 &#8211; 2021 &nbsp;Mercredi &nbsp; 14h00 \u00e0 17h30 : initiation jeunes et adultes. &nbsp; 20h00 \u00e0 &#8230; : entra\u00eenement adultes. &nbsp;Vendredi &nbsp; 19h00 \u00e0 &#8230; : entra\u00eenement adultes et initiation adultes.<\/p>\n","protected":false},"author":2,"featured_media":0,"parent":126,"menu_order":4,"comment_status":"closed","ping_status":"closed","template":"","meta":[],"_links":{"self":[{"href":"http:\/\/xn--les-archers-de-vina-nyb.fr\/index.php?rest_route=\/wp\/v2\/pages\/136"}],"collection":[{"href":"http:\/\/xn--les-archers-de-vina-nyb.fr\/index.php?rest_route=\/wp\/v2\/pages"}],"about":[{"href":"http:\/\/xn--les-archers-de-vina-nyb.fr\/index.php?rest_route=\/wp\/v2\/types\/page"}],"author":[{"embeddable":true,"href":"http:\/\/xn--les-archers-de-vina-nyb.fr\/index.php?rest_route=\/wp\/v2\/users\/2"}],"replies":[{"embeddable":true,"href":"http:\/\/xn--les-archers-de-vina-nyb.fr\/index.php?rest_route=%2Fwp%2Fv2%2Fcomments&post=136"}],"version-history":[{"count":96,"href":"http:\/\/xn--les-archers-de-vina-nyb.fr\/index.php?rest_route=\/wp\/v2\/pages\/136\/revisions"}],"predecessor-version":[{"id":4901,"href":"http:\/\/xn--les-archers-de-vina-nyb.fr\/index.php?rest_route=\/wp\/v2\/pages\/136\/revisions\/4901"}],"up":[{"embeddable":true,"href":"http:\/\/xn--les-archers-de-vina-nyb.fr\/index.php?rest_route=\/wp\/v2\/pages\/126"}],"wp:attachment":[{"href":"http:\/\/xn--les-archers-de-vina-nyb.fr\/index.php?rest_route=%2Fwp%2Fv2%2Fmedia&parent=136"}],"curies":[{"name":"wp","href":"https:\/\/api.w.org\/{rel}","templated":true}]}}