{"id":167,"date":"2017-08-28T13:03:59","date_gmt":"2017-08-28T11:03:59","guid":{"rendered":"http:\/\/xn--les-archers-de-vina-nyb.fr\/?page_id=167"},"modified":"2017-09-29T16:21:19","modified_gmt":"2017-09-29T14:21:19","slug":"l-association","status":"publish","type":"page","link":"http:\/\/xn--les-archers-de-vina-nyb.fr\/?page_id=167","title":{"rendered":"L&rsquo; Association"},"content":{"rendered":"<p><strong><span style=\"color: #0000ff;\">Un peu d&rsquo;histoire,<\/span><\/strong><\/p>\n<p><strong><span style=\"color: #0000ff;\">L&rsquo; association \u00ab\u00a0Les Archers de Vin\u00e7a\u00a0\u00bb a \u00e9t\u00e9 cr\u00e9\u00e9e par l&rsquo;Assembl\u00e9e G\u00e9n\u00e9rale constitutive qui s&rsquo;est tenue le vendredi 26 ao\u00fbt 2011 \u00e0 20 h.30 en la salle communale \u00ab\u00a0Luzatto\u00a0\u00bb de Vin\u00e7a.<\/span><\/strong><br \/>\n<strong><span style=\"color: #0000ff;\"> Elle est d\u00e9clar\u00e9e en sous-pr\u00e9fecture de Prades le 4 octobre 2011, enregistr\u00e9e sous le N\u00b0 W663001209 et para\u00eet au J.O. 143\u00e8me ann\u00e9e, n\u00b042 du 15 octobre 2011. Elle a son si\u00e8ge social en la mairie de Vin\u00e7a.<\/span><\/strong><br \/>\n<strong><span style=\"color: #0000ff;\"> Elle commence son activit\u00e9 de Tir \u00e0 l&rsquo;Arc en novembre de la m\u00eame ann\u00e9e et son affiliation \u00e0 la F\u00e9d\u00e9ration Fran\u00e7aise de Tir \u00e0 l&rsquo;Arc (F.F.T.A) est accord\u00e9e le 27 janvier 2012. Le 12 f\u00e9vrier 2013, elle obtient par la D.D.C.S des Pyr\u00e9n\u00e9es- Orientales, l&rsquo;agr\u00e9ment du minist\u00e8re des sports sous le n\u00b0: 66S1597.<\/span><\/strong><\/p>\n<p style=\"text-align: center;\"><strong><span style=\"color: #0000ff;\"><img loading=\"lazy\" class=\"alignnone wp-image-453\" src=\"http:\/\/xn--les-archers-de-vina-nyb.fr\/wp-content\/uploads\/2017\/08\/clubs-affilies-300x300.png\" alt=\"\" width=\"150\" height=\"150\" srcset=\"http:\/\/xn--les-archers-de-vina-nyb.fr\/wp-content\/uploads\/2017\/08\/clubs-affilies-300x300.png 300w, http:\/\/xn--les-archers-de-vina-nyb.fr\/wp-content\/uploads\/2017\/08\/clubs-affilies-150x150.png 150w, http:\/\/xn--les-archers-de-vina-nyb.fr\/wp-content\/uploads\/2017\/08\/clubs-affilies.png 492w\" sizes=\"(max-width: 150px) 100vw, 150px\" \/>\u00a0 \u00a0 \u00a0 \u00a0 \u00a0 \u00a0 \u00a0 \u00a0\u00a0<img loading=\"lazy\" class=\"alignnone wp-image-454\" src=\"http:\/\/xn--les-archers-de-vina-nyb.fr\/wp-content\/uploads\/2017\/08\/MarianneSports_Bleu-234x300.png\" alt=\"\" width=\"117\" height=\"150\" srcset=\"http:\/\/xn--les-archers-de-vina-nyb.fr\/wp-content\/uploads\/2017\/08\/MarianneSports_Bleu-234x300.png 234w, http:\/\/xn--les-archers-de-vina-nyb.fr\/wp-content\/uploads\/2017\/08\/MarianneSports_Bleu.png 250w\" sizes=\"(max-width: 117px) 100vw, 117px\" \/><\/span><\/strong><\/p>\n<p><strong><span style=\"color: #0000ff;\">Au d\u00e9but de la pratique du tir \u00e0 l&rsquo;arc, nous ne disposions que de 2 cr\u00e9neaux horaires dans la salle des f\u00eates de Vin\u00e7a avec une possibilit\u00e9 de tir \u00e0 15 m\u00e8tres maximum. Apr\u00e8s plusieurs mois d&rsquo;attente et la lib\u00e9ration d&rsquo; horaires au complexe sportif du Canigou de Vin\u00e7a, nous occupons les lieux avec des possibilit\u00e9s de tir jusqu&rsquo;\u00e0 30 m\u00e8tres. La municipalit\u00e9 a mis \u00e0 notre disposition un terrain de tir ext\u00e9rieur qui est en cours d&rsquo;am\u00e9nagement avec une possibilit\u00e9 de tir jusqu&rsquo;\u00e0 70 m\u00e8tres.<\/span><\/strong><\/p>\n","protected":false},"excerpt":{"rendered":"<p>Un peu d&rsquo;histoire, L&rsquo; association \u00ab\u00a0Les Archers de Vin\u00e7a\u00a0\u00bb a \u00e9t\u00e9 cr\u00e9\u00e9e par l&rsquo;Assembl\u00e9e G\u00e9n\u00e9rale constitutive qui s&rsquo;est tenue le vendredi 26 ao\u00fbt 2011 \u00e0 20 h.30 en la salle communale \u00ab\u00a0Luzatto\u00a0\u00bb de Vin\u00e7a. Elle est d\u00e9clar\u00e9e en sous-pr\u00e9fecture de Prades le 4 octobre 2011, enregistr\u00e9e sous le N\u00b0 W663001209 et para\u00eet au J.O. 143\u00e8me &hellip; <a href=\"http:\/\/xn--les-archers-de-vina-nyb.fr\/?page_id=167\" class=\"more-link\">Continuer la lecture de <span class=\"screen-reader-text\">L&rsquo; Association<\/span> <span class=\"meta-nav\">&rarr;<\/span><\/a><\/p>\n","protected":false},"author":1,"featured_media":0,"parent":126,"menu_order":1,"comment_status":"closed","ping_status":"closed","template":"","meta":[],"_links":{"self":[{"href":"http:\/\/xn--les-archers-de-vina-nyb.fr\/index.php?rest_route=\/wp\/v2\/pages\/167"}],"collection":[{"href":"http:\/\/xn--les-archers-de-vina-nyb.fr\/index.php?rest_route=\/wp\/v2\/pages"}],"about":[{"href":"http:\/\/xn--les-archers-de-vina-nyb.fr\/index.php?rest_route=\/wp\/v2\/types\/page"}],"author":[{"embeddable":true,"href":"http:\/\/xn--les-archers-de-vina-nyb.fr\/index.php?rest_route=\/wp\/v2\/users\/1"}],"replies":[{"embeddable":true,"href":"http:\/\/xn--les-archers-de-vina-nyb.fr\/index.php?rest_route=%2Fwp%2Fv2%2Fcomments&post=167"}],"version-history":[{"count":10,"href":"http:\/\/xn--les-archers-de-vina-nyb.fr\/index.php?rest_route=\/wp\/v2\/pages\/167\/revisions"}],"predecessor-version":[{"id":1695,"href":"http:\/\/xn--les-archers-de-vina-nyb.fr\/index.php?rest_route=\/wp\/v2\/pages\/167\/revisions\/1695"}],"up":[{"embeddable":true,"href":"http:\/\/xn--les-archers-de-vina-nyb.fr\/index.php?rest_route=\/wp\/v2\/pages\/126"}],"wp:attachment":[{"href":"http:\/\/xn--les-archers-de-vina-nyb.fr\/index.php?rest_route=%2Fwp%2Fv2%2Fmedia&parent=167"}],"curies":[{"name":"wp","href":"https:\/\/api.w.org\/{rel}","templated":true}]}}