{"id":428,"date":"2017-08-31T02:52:39","date_gmt":"2017-08-31T00:52:39","guid":{"rendered":"http:\/\/xn--les-archers-de-vina-nyb.fr\/?page_id=428"},"modified":"2018-11-01T19:15:23","modified_gmt":"2018-11-01T18:15:23","slug":"tir-en-exterieur-federal","status":"publish","type":"page","link":"http:\/\/xn--les-archers-de-vina-nyb.fr\/?page_id=428","title":{"rendered":"Tir en ext\u00e9rieur f\u00e9d\u00e9ral"},"content":{"rendered":"<p style=\"text-align: center;\"><span style=\"color: #0000ff;\"><em><a href=\"http:\/\/xn--les-archers-de-vina-nyb.fr\/wp-content\/uploads\/2018\/11\/tir-exterieur-federal-2018.png\"><img loading=\"lazy\" class=\"alignnone wp-image-3389\" src=\"http:\/\/xn--les-archers-de-vina-nyb.fr\/wp-content\/uploads\/2018\/11\/tir-exterieur-federal-2018-300x151.png\" alt=\"\" width=\"960\" height=\"483\" srcset=\"http:\/\/xn--les-archers-de-vina-nyb.fr\/wp-content\/uploads\/2018\/11\/tir-exterieur-federal-2018-300x151.png 300w, http:\/\/xn--les-archers-de-vina-nyb.fr\/wp-content\/uploads\/2018\/11\/tir-exterieur-federal-2018-768x387.png 768w, http:\/\/xn--les-archers-de-vina-nyb.fr\/wp-content\/uploads\/2018\/11\/tir-exterieur-federal-2018.png 1429w\" sizes=\"(max-width: 960px) 100vw, 960px\" \/><\/a><\/em><\/span><span style=\"color: #0000ff;\"><em>(Cliquez sur l&rsquo;image pour agrandir)<\/em><\/span><a href=\"http:\/\/les-archers-de-vin\u00e7a.fr\/?page_id=390\"><img loading=\"lazy\" class=\"alignright wp-image-403\" src=\"http:\/\/xn--les-archers-de-vina-nyb.fr\/wp-content\/uploads\/2017\/08\/retour-300x260.png\" alt=\"\" width=\"61\" height=\"53\" srcset=\"http:\/\/xn--les-archers-de-vina-nyb.fr\/wp-content\/uploads\/2017\/08\/retour-300x260.png 300w, http:\/\/xn--les-archers-de-vina-nyb.fr\/wp-content\/uploads\/2017\/08\/retour.png 358w\" sizes=\"(max-width: 61px) 100vw, 61px\" \/><\/a><\/p>\n","protected":false},"excerpt":{"rendered":"<p>(Cliquez sur l&rsquo;image pour agrandir)<\/p>\n","protected":false},"author":2,"featured_media":0,"parent":390,"menu_order":1,"comment_status":"closed","ping_status":"closed","template":"","meta":[],"_links":{"self":[{"href":"http:\/\/xn--les-archers-de-vina-nyb.fr\/index.php?rest_route=\/wp\/v2\/pages\/428"}],"collection":[{"href":"http:\/\/xn--les-archers-de-vina-nyb.fr\/index.php?rest_route=\/wp\/v2\/pages"}],"about":[{"href":"http:\/\/xn--les-archers-de-vina-nyb.fr\/index.php?rest_route=\/wp\/v2\/types\/page"}],"author":[{"embeddable":true,"href":"http:\/\/xn--les-archers-de-vina-nyb.fr\/index.php?rest_route=\/wp\/v2\/users\/2"}],"replies":[{"embeddable":true,"href":"http:\/\/xn--les-archers-de-vina-nyb.fr\/index.php?rest_route=%2Fwp%2Fv2%2Fcomments&post=428"}],"version-history":[{"count":9,"href":"http:\/\/xn--les-archers-de-vina-nyb.fr\/index.php?rest_route=\/wp\/v2\/pages\/428\/revisions"}],"predecessor-version":[{"id":3393,"href":"http:\/\/xn--les-archers-de-vina-nyb.fr\/index.php?rest_route=\/wp\/v2\/pages\/428\/revisions\/3393"}],"up":[{"embeddable":true,"href":"http:\/\/xn--les-archers-de-vina-nyb.fr\/index.php?rest_route=\/wp\/v2\/pages\/390"}],"wp:attachment":[{"href":"http:\/\/xn--les-archers-de-vina-nyb.fr\/index.php?rest_route=%2Fwp%2Fv2%2Fmedia&parent=428"}],"curies":[{"name":"wp","href":"https:\/\/api.w.org\/{rel}","templated":true}]}}