{"id":1392,"date":"2017-09-24T18:22:44","date_gmt":"2017-09-24T16:22:44","guid":{"rendered":"http:\/\/xn--les-archers-de-vina-nyb.fr\/?page_id=1392"},"modified":"2020-10-20T15:26:52","modified_gmt":"2020-10-20T13:26:52","slug":"modalites-dinscription","status":"publish","type":"page","link":"https:\/\/xn--les-archers-de-vina-nyb.fr\/?page_id=1392","title":{"rendered":"Modalit\u00e9s d&rsquo;inscription"},"content":{"rendered":"<p><span style=\"color: #0000ff;\"><strong>Pour vous inscrire, il vous faudra :\u00a0<\/strong><\/span><\/p>\n<ul>\n<li><span style=\"color: #0000ff;\"><strong>Prendre connaissance du r\u00e8glement int\u00e9rieur, \u00e0 retirer au Club ou \u00e0 t\u00e9l\u00e9charger en cliquant <a href=\"http:\/\/xn--les-archers-de-vina-nyb.fr\/wp-content\/uploads\/2017\/09\/R\u00e8glement-Int\u00e9rieur.pdf\" target=\"_blank\" rel=\"noopener noreferrer\">ICI<\/a>.<\/strong><\/span><\/li>\n<li><span style=\"color: #0000ff;\"><strong>Un certificat m\u00e9dical de non contre-indication \u00e0 la pratique du tir \u00e0 l&rsquo;arc en comp\u00e9tition.\u00a0<\/strong><\/span><\/li>\n<li><span style=\"color: #0000ff;\"><strong>La fiche d\u2019inscription soigneusement comp\u00e9t\u00e9, \u00e0 retirer au Club ou \u00e0 t\u00e9l\u00e9charger en cliquant <a href=\"http:\/\/les-archers-de-vin\u00e7a.fr\/wp-content\/uploads\/2017\/09\/Fiche-dInscription.pdf\" target=\"_blank\" rel=\"noopener noreferrer\">ICI<\/a>.<\/strong><\/span><\/li>\n<li><span style=\"color: #0000ff;\"><strong>La cotisation pour l&rsquo;ann\u00e9e sportive en fonction de votre choix :<\/strong><\/span><\/li>\n<\/ul>\n<div style=\"text-align: center;\">\n<p><strong><span style=\"font-size: 200%; text-shadow: 2px 2px 4px blue;\">Cotisation 2020-2021<\/span><\/strong><\/p>\n\n<table id=\"tablepress-2\" class=\"tablepress tablepress-id-2\">\n<thead>\n<tr class=\"row-1 odd\">\n\t<th class=\"column-1\"><span style=\"font-size: 25px;\">Licences<\/th><th class=\"column-2\"><span style=\"font-size: 25px;\">Adultes<\/th><th class=\"column-3\"><span style=\"font-size: 25px;\">Jeunes<\/th>\n<\/tr>\n<\/thead>\n<tbody class=\"row-hover\">\n<tr class=\"row-2 even\">\n\t<td class=\"column-1\"><span style=\"font-size: 20px;\">Comp\u00e9tition<\/td><td class=\"column-2\"><span style=\"font-size: 20px;\">135 \u20ac<\/td><td class=\"column-3\"><span style=\"font-size: 20px;\">95 \u20ac<\/td>\n<\/tr>\n<tr class=\"row-3 odd\">\n\t<td class=\"column-1\"><span style=\"font-size: 20px;\">Loisir<\/td><td class=\"column-2\"><span style=\"font-size: 20px;\">115 \u20ac<\/td><td class=\"column-3\"><span style=\"font-size: 20px;\">95 \u20ac<\/td>\n<\/tr>\n<tr class=\"row-4 even\">\n\t<td class=\"column-1\"><span style=\"font-size: 20px;\">Sans pratique<\/td><td class=\"column-2\"><span style=\"font-size: 20px;\">100 \u20ac<\/td><td class=\"column-3\"><span style=\"font-size: 20px;\">80 \u20ac *<\/td>\n<\/tr>\n<tr class=\"row-5 odd\">\n\t<td class=\"column-1\"><\/td><td class=\"column-2\"><\/td><td class=\"column-3\"><span style=\"font-size: 14px;\">* pour les jeunes de 16 ans et plus<\/td>\n<\/tr>\n<tr class=\"row-6 even\">\n\t<td colspan=\"2\" class=\"column-1\"><span style=\"font-size: 20px;\">Tarif d\u00e9gressif par famille<\/td><td class=\"column-3\"><\/td>\n<\/tr>\n<tr class=\"row-7 odd\">\n\t<td class=\"column-1\"><span style=\"font-size: 20px;\">2\u00e8me adh\u00e9rent<\/td><td class=\"column-2\"><span style=\"font-size: 20px;\">- 15 \u20ac<\/td><td class=\"column-3\"><\/td>\n<\/tr>\n<tr class=\"row-8 even\">\n\t<td class=\"column-1\"><span style=\"font-size: 20px;\">3\u00e8me adh\u00e9rent<\/td><td class=\"column-2\"><span style=\"font-size: 20px;\">- 10 \u20ac<\/td><td class=\"column-3\"><\/td>\n<\/tr>\n<tr class=\"row-9 odd\">\n\t<td class=\"column-1\"><span style=\"font-size: 20px;\">4\u00e8me et suivant<\/td><td class=\"column-2\"><span style=\"font-size: 20px;\">- 10 \u20ac<\/td><td class=\"column-3\"><\/td>\n<\/tr>\n<\/tbody>\n<\/table>\n<!-- #tablepress-2 from cache -->\n<\/div>\n","protected":false},"excerpt":{"rendered":"<p>Pour vous inscrire, il vous faudra :\u00a0 Prendre connaissance du r\u00e8glement int\u00e9rieur, \u00e0 retirer au Club ou \u00e0 t\u00e9l\u00e9charger en cliquant ICI. Un certificat m\u00e9dical de non contre-indication \u00e0 la pratique du tir \u00e0 l&rsquo;arc en comp\u00e9tition.\u00a0 La fiche d\u2019inscription soigneusement comp\u00e9t\u00e9, \u00e0 retirer au Club ou \u00e0 t\u00e9l\u00e9charger en cliquant ICI. La cotisation pour &hellip; <a href=\"https:\/\/xn--les-archers-de-vina-nyb.fr\/?page_id=1392\" class=\"more-link\">Continuer la lecture de <span class=\"screen-reader-text\">Modalit\u00e9s d&rsquo;inscription<\/span> <span class=\"meta-nav\">&rarr;<\/span><\/a><\/p>\n","protected":false},"author":2,"featured_media":0,"parent":126,"menu_order":5,"comment_status":"closed","ping_status":"closed","template":"","meta":[],"_links":{"self":[{"href":"https:\/\/xn--les-archers-de-vina-nyb.fr\/index.php?rest_route=\/wp\/v2\/pages\/1392"}],"collection":[{"href":"https:\/\/xn--les-archers-de-vina-nyb.fr\/index.php?rest_route=\/wp\/v2\/pages"}],"about":[{"href":"https:\/\/xn--les-archers-de-vina-nyb.fr\/index.php?rest_route=\/wp\/v2\/types\/page"}],"author":[{"embeddable":true,"href":"https:\/\/xn--les-archers-de-vina-nyb.fr\/index.php?rest_route=\/wp\/v2\/users\/2"}],"replies":[{"embeddable":true,"href":"https:\/\/xn--les-archers-de-vina-nyb.fr\/index.php?rest_route=%2Fwp%2Fv2%2Fcomments&post=1392"}],"version-history":[{"count":202,"href":"https:\/\/xn--les-archers-de-vina-nyb.fr\/index.php?rest_route=\/wp\/v2\/pages\/1392\/revisions"}],"predecessor-version":[{"id":4903,"href":"https:\/\/xn--les-archers-de-vina-nyb.fr\/index.php?rest_route=\/wp\/v2\/pages\/1392\/revisions\/4903"}],"up":[{"embeddable":true,"href":"https:\/\/xn--les-archers-de-vina-nyb.fr\/index.php?rest_route=\/wp\/v2\/pages\/126"}],"wp:attachment":[{"href":"https:\/\/xn--les-archers-de-vina-nyb.fr\/index.php?rest_route=%2Fwp%2Fv2%2Fmedia&parent=1392"}],"curies":[{"name":"wp","href":"https:\/\/api.w.org\/{rel}","templated":true}]}}