{"id":1401,"date":"2017-09-24T18:34:57","date_gmt":"2017-09-24T16:34:57","guid":{"rendered":"http:\/\/xn--les-archers-de-vina-nyb.fr\/?page_id=1401"},"modified":"2020-02-04T12:05:09","modified_gmt":"2020-02-04T11:05:09","slug":"festif","status":"publish","type":"page","link":"https:\/\/xn--les-archers-de-vina-nyb.fr\/?page_id=1401","title":{"rendered":"Festif"},"content":{"rendered":"<p><span style=\"color: #0000ff;\"><strong>Les membres du Comit\u00e9 Directeur ont le plaisir de vous annoncer les rendez-vous festifs de cette saison 2019\/2020. Merci de les noter dans votre agenda et de r\u00e9server un moment \u00e0 ces temps de d\u00e9tente !<\/strong><\/span><\/p>\n<p><span style=\"color: #0000ff;\"><strong>A suivre , l&rsquo;\u00e9num\u00e9ration de ceux-ci :<\/strong><\/span><\/p>\n<p><span style=\"color: #0000ff;\"><strong><em><img loading=\"lazy\" class=\"alignnone wp-image-1412\" src=\"http:\/\/xn--les-archers-de-vina-nyb.fr\/wp-content\/uploads\/2017\/09\/halloween1.gif\" alt=\"\" width=\"68\" height=\"73\" \/> , le Tir d&rsquo;Halloween.<img loading=\"lazy\" class=\"\" src=\"http:\/\/planetenat2.free.fr\/gifanim\/oiseaux221.gif\" alt=\"R\u00e9sultat de recherche d'images pour &quot;gif anim\u00e9 oiseaux&quot;\" width=\"80\" height=\"80\" \/><\/em><\/strong><\/span><\/p>\n<p><span style=\"color: #0000ff;\"><strong><em><img loading=\"lazy\" class=\"\" src=\"http:\/\/images2.fanpop.com\/image\/photos\/9300000\/Dancing-Santa-lol-christmas-9342366-305-324.gif\" alt=\"Image associ\u00e9e\" width=\"69\" height=\"73\" \/> , le Tir de No\u00ebl. <img loading=\"lazy\" class=\"\" src=\"http:\/\/www.gifsanimes.fr\/images\/r\/renne-de-noel\/renne-de-noel-gifs-animes-691113.gif\" alt=\"R\u00e9sultat de recherche d'images pour &quot;gif anim\u00e9 renne&quot;\" width=\"57\" height=\"71\" \/><\/em><\/strong><\/span><\/p>\n<p><span style=\"color: #0000ff;\"><strong><em><img loading=\"lazy\" class=\"\" src=\"http:\/\/img.over-blog-kiwi.com\/0\/55\/20\/24\/20170103\/ob_69286f_5625.gif\" alt=\"Image associ\u00e9e\" width=\"78\" height=\"78\" \/>Mercredi, l\u2019apr\u00e8s-midi, le Tir de la Galette enfants.<\/em><\/strong><\/span><\/p>\n<p><span style=\"color: #0000ff;\"><strong><em><img loading=\"lazy\" class=\"\" src=\"http:\/\/img.over-blog-kiwi.com\/0\/55\/20\/24\/20170103\/ob_69286f_5625.gif\" alt=\"Image associ\u00e9e\" width=\"78\" height=\"78\" \/>Mercredi , en soir\u00e9e, le Tir de la Galette adultes.<\/em><\/strong><\/span><\/p>\n<p><span style=\"color: #0000ff;\"><strong><em><img loading=\"lazy\" class=\"\" src=\"https:\/\/s-media-cache-ak0.pinimg.com\/736x\/62\/76\/2a\/62762a851750e487d6087cf080993687--st-sebastian-dell-arte.jpg\" alt=\"Image associ\u00e9e\" width=\"60\" height=\"74\" \/> \u00a0 Vendredi 17 janvier 2020, en soir\u00e9e, le Tir de la St S\u00e9bastien.<\/em><\/strong><\/span><\/p>\n<p><span style=\"color: #0000ff;\"><strong><em><img loading=\"lazy\" class=\"\" src=\"http:\/\/sonnette.s.o.pic.centerblog.net\/oeuf-danse.gif\" alt=\"Image associ\u00e9e\" width=\"76\" height=\"80\" \/>, en soir\u00e9e, Tir de P\u00e2ques.<\/em><\/strong><\/span><\/p>\n<p><span style=\"color: #0000ff;\"><strong><em><img loading=\"lazy\" class=\"\" src=\"http:\/\/corigif.free.fr\/oiseau\/img\/oiseau_067.gif\" alt=\"oiseau 67\" width=\"71\" height=\"57\" \/>Samedi 27 juin 2020, Tir de l&rsquo;Abat de l\u2019Oiseau \u00a0 <img loading=\"lazy\" class=\"\" src=\"http:\/\/corigif.free.fr\/oiseau\/img\/oiseau_037.gif\" alt=\"oiseau 37\" width=\"73\" height=\"60\" \/> \u00a0 \u00a0 \u00a0 \u00a0 \u00a0 \u00a0 \u00a0 \u00a0 \u00a0 \u00a0 \u00a0 \u00a0 \u00a0 \u00a0 \u00a0 \u00a0 \u00a0 \u00a0\u00a0<\/em><\/strong><\/span><\/p>\n","protected":false},"excerpt":{"rendered":"<p>Les membres du Comit\u00e9 Directeur ont le plaisir de vous annoncer les rendez-vous festifs de cette saison 2019\/2020. Merci de les noter dans votre agenda et de r\u00e9server un moment \u00e0 ces temps de d\u00e9tente ! A suivre , l&rsquo;\u00e9num\u00e9ration de ceux-ci : , le Tir d&rsquo;Halloween. , le Tir de No\u00ebl. Mercredi, l\u2019apr\u00e8s-midi, le &hellip; <a href=\"https:\/\/xn--les-archers-de-vina-nyb.fr\/?page_id=1401\" class=\"more-link\">Continuer la lecture de <span class=\"screen-reader-text\">Festif<\/span> <span class=\"meta-nav\">&rarr;<\/span><\/a><\/p>\n","protected":false},"author":2,"featured_media":0,"parent":196,"menu_order":2,"comment_status":"closed","ping_status":"closed","template":"","meta":[],"_links":{"self":[{"href":"https:\/\/xn--les-archers-de-vina-nyb.fr\/index.php?rest_route=\/wp\/v2\/pages\/1401"}],"collection":[{"href":"https:\/\/xn--les-archers-de-vina-nyb.fr\/index.php?rest_route=\/wp\/v2\/pages"}],"about":[{"href":"https:\/\/xn--les-archers-de-vina-nyb.fr\/index.php?rest_route=\/wp\/v2\/types\/page"}],"author":[{"embeddable":true,"href":"https:\/\/xn--les-archers-de-vina-nyb.fr\/index.php?rest_route=\/wp\/v2\/users\/2"}],"replies":[{"embeddable":true,"href":"https:\/\/xn--les-archers-de-vina-nyb.fr\/index.php?rest_route=%2Fwp%2Fv2%2Fcomments&post=1401"}],"version-history":[{"count":23,"href":"https:\/\/xn--les-archers-de-vina-nyb.fr\/index.php?rest_route=\/wp\/v2\/pages\/1401\/revisions"}],"predecessor-version":[{"id":4778,"href":"https:\/\/xn--les-archers-de-vina-nyb.fr\/index.php?rest_route=\/wp\/v2\/pages\/1401\/revisions\/4778"}],"up":[{"embeddable":true,"href":"https:\/\/xn--les-archers-de-vina-nyb.fr\/index.php?rest_route=\/wp\/v2\/pages\/196"}],"wp:attachment":[{"href":"https:\/\/xn--les-archers-de-vina-nyb.fr\/index.php?rest_route=%2Fwp%2Fv2%2Fmedia&parent=1401"}],"curies":[{"name":"wp","href":"https:\/\/api.w.org\/{rel}","templated":true}]}}