{"id":180,"date":"2017-08-28T13:48:31","date_gmt":"2017-08-28T11:48:31","guid":{"rendered":"http:\/\/xn--les-archers-de-vina-nyb.fr\/?page_id=180"},"modified":"2017-10-26T13:48:54","modified_gmt":"2017-10-26T11:48:54","slug":"accueil-2","status":"publish","type":"page","link":"https:\/\/xn--les-archers-de-vina-nyb.fr\/","title":{"rendered":"Accueil"},"content":{"rendered":"<p style=\"text-align: center;\"><span style=\"color: #0000ff;\"><span style=\"font-family: helvetica; font-size: 22px;\"><strong>Bonjour et Bienvenue<\/strong><\/span><\/span><\/p>\n<p style=\"text-align: center;\"><span style=\"color: #0000ff;\"><span style=\"font-family: helvetica; font-size: 16px;\"><strong>Les Archers de Vin\u00e7a sont heureux de vous accueillir sur leur nouveau site.<\/strong><\/span><\/span><\/p>\n<p style=\"text-align: left;\"><span style=\"color: #0000ff;\"><span style=\"font-family: helvetica; font-size: 16px;\"><strong>\u00a0 \u00a0 \u00a0Nous esp\u00e9rons que vous prendrez du plaisir \u00e0 consulter ces pages qui montrent les diff\u00e9rentes activit\u00e9s et animations de l&rsquo;association et donnent les informations et formalit\u00e9s pour y adh\u00e9rer.<\/strong><\/span><\/span><\/p>\n<p style=\"text-align: left;\"><span style=\"color: #0000ff;\"><span style=\"font-family: helvetica; font-size: 16px;\"><strong>\u00a0 \u00a0 \u00a0Vous trouverez dans les diff\u00e9rentes rubriques les lieux, jours et horaires d&rsquo;initiation et d&rsquo;entra\u00eenement.<\/strong><\/span><\/span><\/p>\n<p style=\"text-align: left;\"><span style=\"color: #0000ff;\"><span style=\"font-family: helvetica; font-size: 16px;\"><strong>\u00a0 \u00a0 \u00a0Le club est ouvert \u00e0 toutes les personnes d\u00e9sireuses de d\u00e9couvrir le tir \u00e0 l&rsquo;arc, en tir de loisir ou en tir sportif. Nous accueillons les adh\u00e9rents \u00e0 partir de 9 ans jusqu&rsquo;\u00e0 &#8230;, tant qu&rsquo;il y a du plaisir \u00e0 tirer avec un arc il n&rsquo;y a pas de limite d&rsquo;\u00e2ge si ce n&rsquo;est la condition physique !<\/strong><\/span><\/span><\/p>\n<p style=\"text-align: left;\"><span style=\"color: #0000ff;\"><span style=\"font-family: helvetica; font-size: 16px;\"><strong>\u00a0 \u00a0 \u00a0Vous pourrez vous rendre compte que, bien que certains d&rsquo;entre nous soient des comp\u00e9titeurs, nous ne rechignons pas \u00e0 un petit moment d&rsquo;amusement et de tir dans la joie et la bonne humeur, c&rsquo;est avant tout un bon moyen de d\u00e9compresser et de se vider la t\u00eate !<\/strong><\/span><\/span><\/p>\n<p><img loading=\"lazy\" class=\"wp-image-1983 size-medium aligncenter\" src=\"http:\/\/xn--les-archers-de-vina-nyb.fr\/wp-content\/uploads\/2017\/08\/logo-archers-VINCA-190x300.png\" alt=\"\" width=\"190\" height=\"300\" srcset=\"https:\/\/xn--les-archers-de-vina-nyb.fr\/wp-content\/uploads\/2017\/08\/logo-archers-VINCA-190x300.png 190w, https:\/\/xn--les-archers-de-vina-nyb.fr\/wp-content\/uploads\/2017\/08\/logo-archers-VINCA.png 402w\" sizes=\"(max-width: 190px) 100vw, 190px\" \/><\/p>\n<p>&nbsp;<\/p>\n","protected":false},"excerpt":{"rendered":"<p>Bonjour et Bienvenue Les Archers de Vin\u00e7a sont heureux de vous accueillir sur leur nouveau site. \u00a0 \u00a0 \u00a0Nous esp\u00e9rons que vous prendrez du plaisir \u00e0 consulter ces pages qui montrent les diff\u00e9rentes activit\u00e9s et animations de l&rsquo;association et donnent les informations et formalit\u00e9s pour y adh\u00e9rer. \u00a0 \u00a0 \u00a0Vous trouverez dans les diff\u00e9rentes rubriques &hellip; <a href=\"https:\/\/xn--les-archers-de-vina-nyb.fr\/\" class=\"more-link\">Continuer la lecture de <span class=\"screen-reader-text\">Accueil<\/span> <span class=\"meta-nav\">&rarr;<\/span><\/a><\/p>\n","protected":false},"author":2,"featured_media":530,"parent":0,"menu_order":0,"comment_status":"closed","ping_status":"closed","template":"","meta":[],"_links":{"self":[{"href":"https:\/\/xn--les-archers-de-vina-nyb.fr\/index.php?rest_route=\/wp\/v2\/pages\/180"}],"collection":[{"href":"https:\/\/xn--les-archers-de-vina-nyb.fr\/index.php?rest_route=\/wp\/v2\/pages"}],"about":[{"href":"https:\/\/xn--les-archers-de-vina-nyb.fr\/index.php?rest_route=\/wp\/v2\/types\/page"}],"author":[{"embeddable":true,"href":"https:\/\/xn--les-archers-de-vina-nyb.fr\/index.php?rest_route=\/wp\/v2\/users\/2"}],"replies":[{"embeddable":true,"href":"https:\/\/xn--les-archers-de-vina-nyb.fr\/index.php?rest_route=%2Fwp%2Fv2%2Fcomments&post=180"}],"version-history":[{"count":44,"href":"https:\/\/xn--les-archers-de-vina-nyb.fr\/index.php?rest_route=\/wp\/v2\/pages\/180\/revisions"}],"predecessor-version":[{"id":1984,"href":"https:\/\/xn--les-archers-de-vina-nyb.fr\/index.php?rest_route=\/wp\/v2\/pages\/180\/revisions\/1984"}],"wp:featuredmedia":[{"embeddable":true,"href":"https:\/\/xn--les-archers-de-vina-nyb.fr\/index.php?rest_route=\/wp\/v2\/media\/530"}],"wp:attachment":[{"href":"https:\/\/xn--les-archers-de-vina-nyb.fr\/index.php?rest_route=%2Fwp%2Fv2%2Fmedia&parent=180"}],"curies":[{"name":"wp","href":"https:\/\/api.w.org\/{rel}","templated":true}]}}