{"id":2902,"date":"2018-03-06T11:15:32","date_gmt":"2018-03-06T10:15:32","guid":{"rendered":"http:\/\/xn--les-archers-de-vina-nyb.fr\/?page_id=2902"},"modified":"2018-03-06T11:28:48","modified_gmt":"2018-03-06T10:28:48","slug":"demarche-federale-denseignement","status":"publish","type":"page","link":"https:\/\/xn--les-archers-de-vina-nyb.fr\/?page_id=2902","title":{"rendered":"D\u00e9marche F\u00e9d\u00e9rale d&rsquo;Enseignement"},"content":{"rendered":"<p><span style=\"color: #0000ff;\"><strong>La FFTA a le plaisir de vous pr\u00e9senter la s\u00e9rie TIREZ JUSTE, six vid\u00e9os con\u00e7ues \u00e0 partir de la D\u00e9marche F\u00e9d\u00e9rale d\u2019Enseignement qui permettront aux archers de travailler les fondamentaux de la technique du tir \u00e0 l\u2019arc avec leurs entra\u00eeneurs de club. Ces petits programmes sont \u00e0 consommer sans mod\u00e9ration, ils ont \u00e9t\u00e9 tourn\u00e9s dans le cadre du Centre S\u00e9bastien Flute de l\u2019INSEP avec la participation des archers du P\u00f4le France et de leurs entra\u00eeneurs. Pr\u00e9sent\u00e9 par Jean-Manuel Tizzoni, Entra\u00eeneur Adjoint au P\u00f4le France INSEP.<\/strong><\/span><\/p>\n<p style=\"text-align: center;\"><span style=\"color: #0000ff;\"><em>Cliquez sur les rubriques ci-dessous pour voir les vid\u00e9os.<\/em><\/span><\/p>\n<p style=\"text-align: left;\"><a href=\"https:\/\/youtu.be\/QlVipew4oMI\" target=\"_blank\" rel=\"noopener\"><span style=\"color: #008080;\"><strong>1 &#8211; Le mouvement de l&rsquo;archer.<\/strong><\/span><\/a><\/p>\n<p style=\"text-align: left;\"><a href=\"https:\/\/youtu.be\/sVdF-ab10PQ\" target=\"_blank\" rel=\"noopener\"><span style=\"color: #008080;\"><strong>2 &#8211; Le verrouillage du bras d&rsquo;arc.<\/strong><\/span><\/a><\/p>\n<p style=\"text-align: left;\"><a href=\"https:\/\/youtu.be\/LSEKsN1TEBA\" target=\"_blank\" rel=\"noopener\"><span style=\"color: #008080;\"><strong>3 &#8211; Les membres inf\u00e9rieurs.<\/strong><\/span><\/a><\/p>\n<p style=\"text-align: left;\"><a href=\"https:\/\/youtu.be\/Pki4knBEX6U\" target=\"_blank\" rel=\"noopener\"><span style=\"color: #008080;\"><strong>4 &#8211; Le tronc.<\/strong><\/span><\/a><\/p>\n<p style=\"text-align: left;\"><a href=\"https:\/\/youtu.be\/ZDfb8sFnBHQ\" target=\"_blank\" rel=\"noopener\"><span style=\"color: #008080;\"><strong>5 &#8211; La t\u00eate et les rep\u00e8res au visage.<\/strong><\/span><\/a><\/p>\n<p style=\"text-align: left;\"><a href=\"https:\/\/youtu.be\/KedJ_Wofm70\" target=\"_blank\" rel=\"noopener\"><span style=\"color: #008080;\"><strong>6 &#8211; Le clicker.<\/strong><\/span><\/a><\/p>\n","protected":false},"excerpt":{"rendered":"<p>La FFTA a le plaisir de vous pr\u00e9senter la s\u00e9rie TIREZ JUSTE, six vid\u00e9os con\u00e7ues \u00e0 partir de la D\u00e9marche F\u00e9d\u00e9rale d\u2019Enseignement qui permettront aux archers de travailler les fondamentaux de la technique du tir \u00e0 l\u2019arc avec leurs entra\u00eeneurs de club. Ces petits programmes sont \u00e0 consommer sans mod\u00e9ration, ils ont \u00e9t\u00e9 tourn\u00e9s dans &hellip; <a href=\"https:\/\/xn--les-archers-de-vina-nyb.fr\/?page_id=2902\" class=\"more-link\">Continuer la lecture de <span class=\"screen-reader-text\">D\u00e9marche F\u00e9d\u00e9rale d&rsquo;Enseignement<\/span> <span class=\"meta-nav\">&rarr;<\/span><\/a><\/p>\n","protected":false},"author":2,"featured_media":0,"parent":317,"menu_order":9,"comment_status":"closed","ping_status":"closed","template":"","meta":[],"_links":{"self":[{"href":"https:\/\/xn--les-archers-de-vina-nyb.fr\/index.php?rest_route=\/wp\/v2\/pages\/2902"}],"collection":[{"href":"https:\/\/xn--les-archers-de-vina-nyb.fr\/index.php?rest_route=\/wp\/v2\/pages"}],"about":[{"href":"https:\/\/xn--les-archers-de-vina-nyb.fr\/index.php?rest_route=\/wp\/v2\/types\/page"}],"author":[{"embeddable":true,"href":"https:\/\/xn--les-archers-de-vina-nyb.fr\/index.php?rest_route=\/wp\/v2\/users\/2"}],"replies":[{"embeddable":true,"href":"https:\/\/xn--les-archers-de-vina-nyb.fr\/index.php?rest_route=%2Fwp%2Fv2%2Fcomments&post=2902"}],"version-history":[{"count":7,"href":"https:\/\/xn--les-archers-de-vina-nyb.fr\/index.php?rest_route=\/wp\/v2\/pages\/2902\/revisions"}],"predecessor-version":[{"id":2910,"href":"https:\/\/xn--les-archers-de-vina-nyb.fr\/index.php?rest_route=\/wp\/v2\/pages\/2902\/revisions\/2910"}],"up":[{"embeddable":true,"href":"https:\/\/xn--les-archers-de-vina-nyb.fr\/index.php?rest_route=\/wp\/v2\/pages\/317"}],"wp:attachment":[{"href":"https:\/\/xn--les-archers-de-vina-nyb.fr\/index.php?rest_route=%2Fwp%2Fv2%2Fmedia&parent=2902"}],"curies":[{"name":"wp","href":"https:\/\/api.w.org\/{rel}","templated":true}]}}