{"id":390,"date":"2017-08-31T01:35:39","date_gmt":"2017-08-30T23:35:39","guid":{"rendered":"http:\/\/xn--les-archers-de-vina-nyb.fr\/?page_id=390"},"modified":"2017-10-07T14:03:18","modified_gmt":"2017-10-07T12:03:18","slug":"les-disciplines","status":"publish","type":"page","link":"https:\/\/xn--les-archers-de-vina-nyb.fr\/?page_id=390","title":{"rendered":"Les disciplines"},"content":{"rendered":"<p style=\"text-align: center; line-height: 0.1px;\"><span style=\"color: #0000ff;\"><em>Cliquez sur votre choix<\/em><\/span><\/p>\n<p style=\"text-align: left;\"><a href=\"http:\/\/les-archers-de-vin\u00e7a.fr\/?page_id=398\"><img loading=\"lazy\" class=\"alignnone wp-image-392\" src=\"http:\/\/xn--les-archers-de-vina-nyb.fr\/wp-content\/uploads\/2017\/08\/TirSalle2-300x300.png\" alt=\"\" width=\"130\" height=\"130\" srcset=\"https:\/\/xn--les-archers-de-vina-nyb.fr\/wp-content\/uploads\/2017\/08\/TirSalle2-300x300.png 300w, https:\/\/xn--les-archers-de-vina-nyb.fr\/wp-content\/uploads\/2017\/08\/TirSalle2-150x150.png 150w, https:\/\/xn--les-archers-de-vina-nyb.fr\/wp-content\/uploads\/2017\/08\/TirSalle2.png 400w\" sizes=\"(max-width: 130px) 100vw, 130px\" \/><\/a>\u00a0 <span style=\"font-size: 35px;\"><em><span style=\"color: #0000ff;\"><strong>Tir en Salle<\/strong><\/span><\/em><\/span><\/p>\n<p style=\"text-align: left;\"><a href=\"http:\/\/les-archers-de-vin\u00e7a.fr\/?page_id=428\"><img loading=\"lazy\" class=\"alignnone wp-image-407\" src=\"http:\/\/xn--les-archers-de-vina-nyb.fr\/wp-content\/uploads\/2017\/08\/ext\u00e9rieur.png\" alt=\"\" width=\"130\" height=\"130\" srcset=\"https:\/\/xn--les-archers-de-vina-nyb.fr\/wp-content\/uploads\/2017\/08\/ext\u00e9rieur.png 211w, https:\/\/xn--les-archers-de-vina-nyb.fr\/wp-content\/uploads\/2017\/08\/ext\u00e9rieur-150x150.png 150w\" sizes=\"(max-width: 130px) 100vw, 130px\" \/><\/a>\u00a0\u00a0<span style=\"font-size: 35px;\"><span style=\"color: #0000ff;\"><em><strong>Tir en Ext\u00e9rieur F\u00e9d\u00e9ral<\/strong><\/em><\/span><\/span><\/p>\n<p style=\"text-align: left;\"><a href=\"http:\/\/les-archers-de-vin\u00e7a.fr\/?page_id=431\"><img loading=\"lazy\" class=\"alignnone wp-image-407\" src=\"http:\/\/xn--les-archers-de-vina-nyb.fr\/wp-content\/uploads\/2017\/08\/ext\u00e9rieur.png\" alt=\"\" width=\"130\" height=\"130\" srcset=\"https:\/\/xn--les-archers-de-vina-nyb.fr\/wp-content\/uploads\/2017\/08\/ext\u00e9rieur.png 211w, https:\/\/xn--les-archers-de-vina-nyb.fr\/wp-content\/uploads\/2017\/08\/ext\u00e9rieur-150x150.png 150w\" sizes=\"(max-width: 130px) 100vw, 130px\" \/><\/a>\u00a0 <span style=\"font-size: 35px;\"><span style=\"color: #0000ff;\"><em><strong>Tir en Ext\u00e9rieur Fita\u00a0<\/strong><\/em><\/span><\/span><\/p>\n<p>\u00a0<a href=\"http:\/\/les-archers-de-vin\u00e7a.fr\/?page_id=1281\"><img loading=\"lazy\" class=\"alignnone wp-image-2000 size-medium\" src=\"http:\/\/xn--les-archers-de-vina-nyb.fr\/wp-content\/uploads\/2017\/08\/carte-beursault-300x300.png\" alt=\"\" width=\"130\" height=\"130\" srcset=\"https:\/\/xn--les-archers-de-vina-nyb.fr\/wp-content\/uploads\/2017\/08\/carte-beursault-300x300.png 300w, https:\/\/xn--les-archers-de-vina-nyb.fr\/wp-content\/uploads\/2017\/08\/carte-beursault-150x150.png 150w, https:\/\/xn--les-archers-de-vina-nyb.fr\/wp-content\/uploads\/2017\/08\/carte-beursault.png 765w\" sizes=\"(max-width: 130px) 100vw, 130px\" \/><\/a> <span style=\"font-size: 35px;\"><span style=\"color: #0000ff;\"><em><strong>Tir Beursault\u00a0<\/strong><\/em><\/span><\/span><\/p>\n<h1>Les Disciplines de Parcours (bient\u00f4t !)<\/h1>\n","protected":false},"excerpt":{"rendered":"<p>Cliquez sur votre choix \u00a0 Tir en Salle \u00a0\u00a0Tir en Ext\u00e9rieur F\u00e9d\u00e9ral \u00a0 Tir en Ext\u00e9rieur Fita\u00a0 \u00a0 Tir Beursault\u00a0 Les Disciplines de Parcours (bient\u00f4t !)<\/p>\n","protected":false},"author":2,"featured_media":0,"parent":317,"menu_order":4,"comment_status":"closed","ping_status":"closed","template":"","meta":[],"_links":{"self":[{"href":"https:\/\/xn--les-archers-de-vina-nyb.fr\/index.php?rest_route=\/wp\/v2\/pages\/390"}],"collection":[{"href":"https:\/\/xn--les-archers-de-vina-nyb.fr\/index.php?rest_route=\/wp\/v2\/pages"}],"about":[{"href":"https:\/\/xn--les-archers-de-vina-nyb.fr\/index.php?rest_route=\/wp\/v2\/types\/page"}],"author":[{"embeddable":true,"href":"https:\/\/xn--les-archers-de-vina-nyb.fr\/index.php?rest_route=\/wp\/v2\/users\/2"}],"replies":[{"embeddable":true,"href":"https:\/\/xn--les-archers-de-vina-nyb.fr\/index.php?rest_route=%2Fwp%2Fv2%2Fcomments&post=390"}],"version-history":[{"count":44,"href":"https:\/\/xn--les-archers-de-vina-nyb.fr\/index.php?rest_route=\/wp\/v2\/pages\/390\/revisions"}],"predecessor-version":[{"id":2187,"href":"https:\/\/xn--les-archers-de-vina-nyb.fr\/index.php?rest_route=\/wp\/v2\/pages\/390\/revisions\/2187"}],"up":[{"embeddable":true,"href":"https:\/\/xn--les-archers-de-vina-nyb.fr\/index.php?rest_route=\/wp\/v2\/pages\/317"}],"wp:attachment":[{"href":"https:\/\/xn--les-archers-de-vina-nyb.fr\/index.php?rest_route=%2Fwp%2Fv2%2Fmedia&parent=390"}],"curies":[{"name":"wp","href":"https:\/\/api.w.org\/{rel}","templated":true}]}}