{"id":4082,"date":"2019-09-10T15:11:06","date_gmt":"2019-09-10T13:11:06","guid":{"rendered":"http:\/\/xn--les-archers-de-vina-nyb.fr\/?page_id=4082"},"modified":"2019-09-10T16:14:09","modified_gmt":"2019-09-10T14:14:09","slug":"presse-2018-2019","status":"publish","type":"page","link":"https:\/\/xn--les-archers-de-vina-nyb.fr\/?page_id=4082","title":{"rendered":"Presse 2018-2019"},"content":{"rendered":"<p><img src=\"http:\/\/gif.toutimages.com\/images\/webmaster\/fleches\/fleche_127.gif\" \/><a href=\"http:\/\/xn--les-archers-de-vina-nyb.fr\/wp-content\/uploads\/2019\/09\/article-presse-indep.pdf\" target=\"_blank\" rel=\"noopener noreferrer\"><span style=\"color: #0000ff;\">Article journal l&rsquo;ind\u00e9pendant : Championnat r\u00e9gional jeunes \u00e0 Saint Gilles.<\/span><\/a><\/p>\n<p><img src=\"http:\/\/gif.toutimages.com\/images\/webmaster\/fleches\/fleche_127.gif\" \/><a href=\"http:\/\/xn--les-archers-de-vina-nyb.fr\/wp-content\/uploads\/2019\/03\/2019_02_22_23_24-championnat-de-France-Vend\u00e9e-000.png\" target=\"_blank\" rel=\"noopener noreferrer\"><span style=\"color: #0000ff;\">Publication d\u00e9partement de la Vend\u00e9e : Championnat de France jeunes.<\/span><\/a><\/p>\n<p><img src=\"http:\/\/gif.toutimages.com\/images\/webmaster\/fleches\/fleche_127.gif\" \/><a href=\"http:\/\/xn--les-archers-de-vina-nyb.fr\/wp-content\/uploads\/2019\/09\/article-24-heures.pdf\" target=\"_blank\" rel=\"noopener noreferrer\"><span style=\"color: #0000ff;\">Article journal l&rsquo;ind\u00e9pendant : 24 heures Sainte Marie la mer.<\/span><\/a>\u00a0<\/p>\n\n\n<p><\/p>\n","protected":false},"excerpt":{"rendered":"<p>Article journal l&rsquo;ind\u00e9pendant : Championnat r\u00e9gional jeunes \u00e0 Saint Gilles. Publication d\u00e9partement de la Vend\u00e9e : Championnat de France jeunes. Article journal l&rsquo;ind\u00e9pendant : 24 heures Sainte Marie la mer.\u00a0<\/p>\n","protected":false},"author":2,"featured_media":0,"parent":710,"menu_order":3,"comment_status":"closed","ping_status":"closed","template":"","meta":[],"_links":{"self":[{"href":"https:\/\/xn--les-archers-de-vina-nyb.fr\/index.php?rest_route=\/wp\/v2\/pages\/4082"}],"collection":[{"href":"https:\/\/xn--les-archers-de-vina-nyb.fr\/index.php?rest_route=\/wp\/v2\/pages"}],"about":[{"href":"https:\/\/xn--les-archers-de-vina-nyb.fr\/index.php?rest_route=\/wp\/v2\/types\/page"}],"author":[{"embeddable":true,"href":"https:\/\/xn--les-archers-de-vina-nyb.fr\/index.php?rest_route=\/wp\/v2\/users\/2"}],"replies":[{"embeddable":true,"href":"https:\/\/xn--les-archers-de-vina-nyb.fr\/index.php?rest_route=%2Fwp%2Fv2%2Fcomments&post=4082"}],"version-history":[{"count":12,"href":"https:\/\/xn--les-archers-de-vina-nyb.fr\/index.php?rest_route=\/wp\/v2\/pages\/4082\/revisions"}],"predecessor-version":[{"id":4099,"href":"https:\/\/xn--les-archers-de-vina-nyb.fr\/index.php?rest_route=\/wp\/v2\/pages\/4082\/revisions\/4099"}],"up":[{"embeddable":true,"href":"https:\/\/xn--les-archers-de-vina-nyb.fr\/index.php?rest_route=\/wp\/v2\/pages\/710"}],"wp:attachment":[{"href":"https:\/\/xn--les-archers-de-vina-nyb.fr\/index.php?rest_route=%2Fwp%2Fv2%2Fmedia&parent=4082"}],"curies":[{"name":"wp","href":"https:\/\/api.w.org\/{rel}","templated":true}]}}